{"id":9943,"date":"2023-05-12T17:04:24","date_gmt":"2023-05-12T17:04:24","guid":{"rendered":"https:\/\/silsiletalrowad.com\/staging\/?post_type=product&#038;p=9943"},"modified":"2024-08-29T08:22:19","modified_gmt":"2024-08-29T08:22:19","slug":"nepalde-cami-insa-etmek","status":"publish","type":"product","link":"https:\/\/silsiletalrowad.com\/tr\/product\/nepalde-cami-insa-etmek\/","title":{"rendered":"Nepal\u2019de cami in\u015fa etmek"},"content":{"rendered":"<p>Asia&#8217;n\u0131n Nepal \u015fehrinde, caminin olmad\u0131\u011f\u0131 uzak b\u00f6lgelerde bir cami in\u015fa etmek, Afrika&#8217;daki ibadet edenlere ve ilim \u00f6\u011frencilerine fayda sa\u011flayan s\u00fcrekli bir hay\u0131r kurumu olmak i\u00e7in<\/p>\n","protected":false},"excerpt":{"rendered":"<p>Asia&#8217;n\u0131n Nepal \u015fehrinde, caminin olmad\u0131\u011f\u0131 uzak b\u00f6lgelerde bir cami in\u015fa etmek, Afrika&#8217;daki ibadet edenlere ve ilim \u00f6\u011frencilerine fayda sa\u011flayan s\u00fcrekli bir hay\u0131r kurumu olmak i\u00e7in<\/p>\n","protected":false},"featured_media":10524,"comment_status":"open","ping_status":"open","template":"","meta":{"_joinchat":[]},"product_brand":[],"product_cat":[256],"product_tag":[287],"class_list":{"0":"post-9943","1":"product","2":"type-product","3":"status-publish","4":"has-post-thumbnail","6":"product_cat-cami-insa-etmek","7":"product_tag-nepal","9":"first","10":"instock","11":"shipping-taxable","12":"purchasable","13":"product-type-variable","14":"has-default-attributes"},"_links":{"self":[{"href":"https:\/\/silsiletalrowad.com\/tr\/wp-json\/wp\/v2\/product\/9943","targetHints":{"allow":["GET"]}}],"collection":[{"href":"https:\/\/silsiletalrowad.com\/tr\/wp-json\/wp\/v2\/product"}],"about":[{"href":"https:\/\/silsiletalrowad.com\/tr\/wp-json\/wp\/v2\/types\/product"}],"replies":[{"embeddable":true,"href":"https:\/\/silsiletalrowad.com\/tr\/wp-json\/wp\/v2\/comments?post=9943"}],"wp:featuredmedia":[{"embeddable":true,"href":"https:\/\/silsiletalrowad.com\/tr\/wp-json\/wp\/v2\/media\/10524"}],"wp:attachment":[{"href":"https:\/\/silsiletalrowad.com\/tr\/wp-json\/wp\/v2\/media?parent=9943"}],"wp:term":[{"taxonomy":"product_brand","embeddable":true,"href":"https:\/\/silsiletalrowad.com\/tr\/wp-json\/wp\/v2\/product_brand?post=9943"},{"taxonomy":"product_cat","embeddable":true,"href":"https:\/\/silsiletalrowad.com\/tr\/wp-json\/wp\/v2\/product_cat?post=9943"},{"taxonomy":"product_tag","embeddable":true,"href":"https:\/\/silsiletalrowad.com\/tr\/wp-json\/wp\/v2\/product_tag?post=9943"}],"curies":[{"name":"wp","href":"https:\/\/api.w.org\/{rel}","templated":true}]}}