{"id":9705,"date":"2022-07-06T13:58:46","date_gmt":"2022-07-06T13:58:46","guid":{"rendered":"https:\/\/silsiletalrowad.com\/staging\/?post_type=product&#038;p=9705"},"modified":"2024-08-30T11:47:13","modified_gmt":"2024-08-30T11:47:13","slug":"togoda-bir-cami-insa-etmek","status":"publish","type":"product","link":"https:\/\/silsiletalrowad.com\/tr\/product\/togoda-bir-cami-insa-etmek\/","title":{"rendered":"Togo&#8217;da bir cami in\u015fa etmek"},"content":{"rendered":"<p>Afrika&#8217;n\u0131n Togo \u015fehrinde, caminin olmad\u0131\u011f\u0131 uzak b\u00f6lgelerde bir cami in\u015fa etmek, Afrika&#8217;daki ibadet edenlere ve ilim \u00f6\u011frencilerine fayda sa\u011flayan s\u00fcrekli bir hay\u0131r kurumu olmak i\u00e7in<\/p>\n","protected":false},"excerpt":{"rendered":"<table class=\"product-table-style table table-striped\">\n<tbody>\n<tr>\n<td>kod<\/td>\n<td style=\"text-align: right;\">05<\/td>\n<\/tr>\n<tr>\n<td>te\u00e7hizat<\/td>\n<td style=\"text-align: right;\">Akustik &#8211; L\u00fcks hal\u0131lar &#8211; Kap\u0131 ve pencereler &#8211; 4 adet vantilat\u00f6r &#8211; Su kuyusu &#8211; Tank &#8211; I\u015f\u0131kl\u0131 WC &#8211; Dinamo &#8211; Elektrik uzant\u0131lar\u0131<\/td>\n<\/tr>\n<tr>\n<td>\u00d6zellikler<\/td>\n<td style=\"text-align: right;\">Kiremit \u00e7at\u0131 &#8211; seramik zemin &#8211; 4 banyo<\/td>\n<\/tr>\n<\/tbody>\n<\/table>\n","protected":false},"featured_media":10539,"comment_status":"open","ping_status":"closed","template":"","meta":{"_joinchat":[]},"product_brand":[],"product_cat":[256],"product_tag":[305],"class_list":{"0":"post-9705","1":"product","2":"type-product","3":"status-publish","4":"has-post-thumbnail","6":"product_cat-cami-insa-etmek","7":"product_tag-togo","9":"first","10":"instock","11":"shipping-taxable","12":"purchasable","13":"product-type-variable","14":"has-default-attributes"},"_links":{"self":[{"href":"https:\/\/silsiletalrowad.com\/tr\/wp-json\/wp\/v2\/product\/9705","targetHints":{"allow":["GET"]}}],"collection":[{"href":"https:\/\/silsiletalrowad.com\/tr\/wp-json\/wp\/v2\/product"}],"about":[{"href":"https:\/\/silsiletalrowad.com\/tr\/wp-json\/wp\/v2\/types\/product"}],"replies":[{"embeddable":true,"href":"https:\/\/silsiletalrowad.com\/tr\/wp-json\/wp\/v2\/comments?post=9705"}],"wp:featuredmedia":[{"embeddable":true,"href":"https:\/\/silsiletalrowad.com\/tr\/wp-json\/wp\/v2\/media\/10539"}],"wp:attachment":[{"href":"https:\/\/silsiletalrowad.com\/tr\/wp-json\/wp\/v2\/media?parent=9705"}],"wp:term":[{"taxonomy":"product_brand","embeddable":true,"href":"https:\/\/silsiletalrowad.com\/tr\/wp-json\/wp\/v2\/product_brand?post=9705"},{"taxonomy":"product_cat","embeddable":true,"href":"https:\/\/silsiletalrowad.com\/tr\/wp-json\/wp\/v2\/product_cat?post=9705"},{"taxonomy":"product_tag","embeddable":true,"href":"https:\/\/silsiletalrowad.com\/tr\/wp-json\/wp\/v2\/product_tag?post=9705"}],"curies":[{"name":"wp","href":"https:\/\/api.w.org\/{rel}","templated":true}]}}