{"id":9704,"date":"2022-07-06T13:58:47","date_gmt":"2022-07-06T13:58:47","guid":{"rendered":"https:\/\/silsiletalrowad.com\/staging\/?post_type=product&#038;p=9704"},"modified":"2024-08-29T05:06:39","modified_gmt":"2024-08-29T05:06:39","slug":"bangladeste-bir-cami-insa-etmek","status":"publish","type":"product","link":"https:\/\/silsiletalrowad.com\/tr\/product\/bangladeste-bir-cami-insa-etmek\/","title":{"rendered":"Banglade\u015f&#8217;te bir cami in\u015fa etmek"},"content":{"rendered":"<p>Banglade\u015f&#8217;te \u00e7e\u015fitli b\u00f6lgelere g\u00f6re cami in\u015fa etmek ve kaliteli \u00f6zelliklere sahip b\u00f6lgelerde en \u00e7ok ihtiya\u00e7 duyulan b\u00f6lgelerde namaz k\u0131lmak ve Kur&#8217;an-\u0131 Kerim okumak i\u00e7in bir camiye ihtiya\u00e7 vard\u0131r.<\/p>\n","protected":false},"excerpt":{"rendered":"<table class=\"product-table-style table table-striped\">\n<tbody>\n<tr>\n<td>kod<\/td>\n<td style=\"text-align: right;\">05<\/td>\n<\/tr>\n<tr>\n<td>te\u00e7hizat<\/td>\n<td style=\"text-align: right;\">Akustik &#8211; L\u00fcks hal\u0131lar &#8211; Kap\u0131 ve pencereler &#8211; 4 adet vantilat\u00f6r &#8211; Su kuyusu &#8211; Tank &#8211; I\u015f\u0131kl\u0131 WC &#8211; Dinamo &#8211; Elektrik uzant\u0131lar\u0131<\/td>\n<\/tr>\n<tr>\n<td>\u00d6zellikler<\/td>\n<td style=\"text-align: right;\">Kiremit \u00e7at\u0131 &#8211; seramik zemin &#8211; 4 banyo<\/td>\n<\/tr>\n<\/tbody>\n<\/table>\n","protected":false},"featured_media":10533,"comment_status":"open","ping_status":"closed","template":"","meta":{"_joinchat":[]},"product_brand":[],"product_cat":[256],"product_tag":[276],"class_list":{"0":"post-9704","1":"product","2":"type-product","3":"status-publish","4":"has-post-thumbnail","6":"product_cat-cami-insa-etmek","7":"product_tag-banglades","9":"first","10":"instock","11":"shipping-taxable","12":"purchasable","13":"product-type-variable","14":"has-default-attributes"},"_links":{"self":[{"href":"https:\/\/silsiletalrowad.com\/tr\/wp-json\/wp\/v2\/product\/9704","targetHints":{"allow":["GET"]}}],"collection":[{"href":"https:\/\/silsiletalrowad.com\/tr\/wp-json\/wp\/v2\/product"}],"about":[{"href":"https:\/\/silsiletalrowad.com\/tr\/wp-json\/wp\/v2\/types\/product"}],"replies":[{"embeddable":true,"href":"https:\/\/silsiletalrowad.com\/tr\/wp-json\/wp\/v2\/comments?post=9704"}],"wp:featuredmedia":[{"embeddable":true,"href":"https:\/\/silsiletalrowad.com\/tr\/wp-json\/wp\/v2\/media\/10533"}],"wp:attachment":[{"href":"https:\/\/silsiletalrowad.com\/tr\/wp-json\/wp\/v2\/media?parent=9704"}],"wp:term":[{"taxonomy":"product_brand","embeddable":true,"href":"https:\/\/silsiletalrowad.com\/tr\/wp-json\/wp\/v2\/product_brand?post=9704"},{"taxonomy":"product_cat","embeddable":true,"href":"https:\/\/silsiletalrowad.com\/tr\/wp-json\/wp\/v2\/product_cat?post=9704"},{"taxonomy":"product_tag","embeddable":true,"href":"https:\/\/silsiletalrowad.com\/tr\/wp-json\/wp\/v2\/product_tag?post=9704"}],"curies":[{"name":"wp","href":"https:\/\/api.w.org\/{rel}","templated":true}]}}