{"id":9701,"date":"2024-08-29T15:51:48","date_gmt":"2024-08-29T15:51:48","guid":{"rendered":"https:\/\/silsiletalrowad.com\/staging\/?post_type=product&#038;p=9701"},"modified":"2024-09-06T15:16:16","modified_gmt":"2024-09-06T15:16:16","slug":"endonezyada-bir-cami-insa-etmek","status":"publish","type":"product","link":"https:\/\/silsiletalrowad.com\/tr\/product\/endonezyada-bir-cami-insa-etmek\/","title":{"rendered":"Endonezya&#8217;da bir cami in\u015fa etmek"},"content":{"rendered":"<p>Endonezya&#8217;da \u00e7e\u015fitli b\u00f6lgelere g\u00f6re cami in\u015fa etmek ve kaliteli \u00f6zelliklere sahip b\u00f6lgelerde en \u00e7ok ihtiya\u00e7 duyulan b\u00f6lgelerde namaz k\u0131lmak ve Kur&#8217;an-\u0131 Kerim okumak i\u00e7in bir camiye ihtiya\u00e7 vard\u0131r.<\/p>\n","protected":false},"excerpt":{"rendered":"<table class=\"product-table-style table table-striped\">\n<tbody>\n<tr>\n<td>kod<\/td>\n<td style=\"text-align: right;\">02<\/td>\n<\/tr>\n<tr>\n<td>\u00d6zellikler<\/td>\n<td style=\"text-align: right;\">\n<ol>\n<li style=\"text-align: left;\">Namaza haz\u0131r cami<\/li>\n<li style=\"text-align: left;\">Sesler<\/li>\n<li style=\"text-align: left;\">l\u00fcks hal\u0131lar<\/li>\n<li style=\"text-align: left;\">Kap\u0131lar, pencereler ve fanlar<\/li>\n<li style=\"text-align: left;\">Y\u00fczey kuyusu, rezervuar ve dinamolu ve sobal\u0131 tuvaletler.<\/li>\n<li style=\"text-align: left;\">Beton s\u00fctunlu \u00fc\u00e7 katl\u0131 kiremitli \u00e7at\u0131<\/li>\n<li style=\"text-align: left;\">Cami i\u00e7i zemin ve tavan i\u00e7in seramik montaj\u0131.<\/li>\n<\/ol>\n<\/td>\n<\/tr>\n<\/tbody>\n<\/table>\n","protected":false},"featured_media":8622,"comment_status":"open","ping_status":"open","template":"","meta":{"_joinchat":[]},"product_brand":[],"product_cat":[256],"product_tag":[282],"class_list":{"0":"post-9701","1":"product","2":"type-product","3":"status-publish","4":"has-post-thumbnail","6":"product_cat-cami-insa-etmek","7":"product_tag-endonezya","9":"first","10":"instock","11":"shipping-taxable","12":"purchasable","13":"product-type-variable","14":"has-default-attributes"},"_links":{"self":[{"href":"https:\/\/silsiletalrowad.com\/tr\/wp-json\/wp\/v2\/product\/9701","targetHints":{"allow":["GET"]}}],"collection":[{"href":"https:\/\/silsiletalrowad.com\/tr\/wp-json\/wp\/v2\/product"}],"about":[{"href":"https:\/\/silsiletalrowad.com\/tr\/wp-json\/wp\/v2\/types\/product"}],"replies":[{"embeddable":true,"href":"https:\/\/silsiletalrowad.com\/tr\/wp-json\/wp\/v2\/comments?post=9701"}],"wp:featuredmedia":[{"embeddable":true,"href":"https:\/\/silsiletalrowad.com\/tr\/wp-json\/wp\/v2\/media\/8622"}],"wp:attachment":[{"href":"https:\/\/silsiletalrowad.com\/tr\/wp-json\/wp\/v2\/media?parent=9701"}],"wp:term":[{"taxonomy":"product_brand","embeddable":true,"href":"https:\/\/silsiletalrowad.com\/tr\/wp-json\/wp\/v2\/product_brand?post=9701"},{"taxonomy":"product_cat","embeddable":true,"href":"https:\/\/silsiletalrowad.com\/tr\/wp-json\/wp\/v2\/product_cat?post=9701"},{"taxonomy":"product_tag","embeddable":true,"href":"https:\/\/silsiletalrowad.com\/tr\/wp-json\/wp\/v2\/product_tag?post=9701"}],"curies":[{"name":"wp","href":"https:\/\/api.w.org\/{rel}","templated":true}]}}