{"id":9563,"date":"2024-08-24T22:02:45","date_gmt":"2024-08-24T22:02:45","guid":{"rendered":"https:\/\/silsiletalrowad.com\/staging\/?post_type=product&#038;p=9563"},"modified":"2024-08-30T11:49:28","modified_gmt":"2024-08-30T11:49:28","slug":"tanzanyada-kova-ile-yuzey-kuyusu","status":"publish","type":"product","link":"https:\/\/silsiletalrowad.com\/tr\/product\/tanzanyada-kova-ile-yuzey-kuyusu\/","title":{"rendered":"Tanzanya&#8217;da kova ile y\u00fczey kuyusu"},"content":{"rendered":"<p>Tanzanya&#8217;da i\u00e7me suyuna en \u00e7ok ihtiya\u00e7 duyan b\u00f6lgelerde kova ile y\u00fczey kuyusu a\u00e7\u0131lmas\u0131, 100&#8217;den fazla ki\u015fiye 20 y\u0131la kadar i\u00e7me suyu sa\u011flanmas\u0131<\/p>\n","protected":false},"excerpt":{"rendered":"<table class=\"product-table-style table table-striped\" style=\"height: 280px;\" width=\"375\">\n<tbody>\n<tr>\n<td>Kod<\/td>\n<td style=\"text-align: right;\">26<\/td>\n<\/tr>\n<tr>\n<td>Fiat<\/td>\n<td style=\"text-align: right;\">1450$<\/td>\n<\/tr>\n<tr>\n<td>Uygulama zaman\u0131 (g\u00fcn)<\/td>\n<td style=\"text-align: right;\">60<\/td>\n<\/tr>\n<tr>\n<td>Sondaj y\u00f6ntemi<\/td>\n<td style=\"text-align: right;\"><span class=\"HwtZe\" lang=\"tr\"><span class=\"jCAhz ChMk0b\"><span class=\"ryNqvb\">Manuel<\/span><\/span><\/span><\/td>\n<\/tr>\n<tr>\n<td>Raf \u00f6mr\u00fc (y\u0131l)<\/td>\n<td style=\"text-align: right;\">15-20<\/td>\n<\/tr>\n<tr>\n<td>Yararlan\u0131c\u0131 say\u0131s\u0131 (ki\u015fi)<\/td>\n<td style=\"text-align: right;\">50-100<\/td>\n<\/tr>\n<tr>\n<td>Derinlik (M)<\/td>\n<td style=\"text-align: right;\">10-15<\/td>\n<\/tr>\n<tr>\n<td>Not<\/td>\n<td style=\"text-align: right;\"><span class=\"HwtZe\" lang=\"tr\"><span class=\"jCAhz ChMk0b\"><span class=\"ryNqvb\">bir kova ile s\u0131\u011f<\/span><\/span><\/span><\/td>\n<\/tr>\n<\/tbody>\n<\/table>\n<p style=\"text-align: right;\">\n","protected":false},"featured_media":8654,"comment_status":"open","ping_status":"open","template":"","meta":{"_joinchat":[]},"product_brand":[],"product_cat":[246,247],"product_tag":[304],"class_list":{"0":"post-9563","1":"product","2":"type-product","3":"status-publish","4":"has-post-thumbnail","6":"product_cat-kuyu","7":"product_cat-yuzey-kuyusu","8":"product_tag-tanzanya","10":"first","11":"instock","12":"shipping-taxable","13":"purchasable","14":"product-type-simple"},"_links":{"self":[{"href":"https:\/\/silsiletalrowad.com\/tr\/wp-json\/wp\/v2\/product\/9563","targetHints":{"allow":["GET"]}}],"collection":[{"href":"https:\/\/silsiletalrowad.com\/tr\/wp-json\/wp\/v2\/product"}],"about":[{"href":"https:\/\/silsiletalrowad.com\/tr\/wp-json\/wp\/v2\/types\/product"}],"replies":[{"embeddable":true,"href":"https:\/\/silsiletalrowad.com\/tr\/wp-json\/wp\/v2\/comments?post=9563"}],"wp:featuredmedia":[{"embeddable":true,"href":"https:\/\/silsiletalrowad.com\/tr\/wp-json\/wp\/v2\/media\/8654"}],"wp:attachment":[{"href":"https:\/\/silsiletalrowad.com\/tr\/wp-json\/wp\/v2\/media?parent=9563"}],"wp:term":[{"taxonomy":"product_brand","embeddable":true,"href":"https:\/\/silsiletalrowad.com\/tr\/wp-json\/wp\/v2\/product_brand?post=9563"},{"taxonomy":"product_cat","embeddable":true,"href":"https:\/\/silsiletalrowad.com\/tr\/wp-json\/wp\/v2\/product_cat?post=9563"},{"taxonomy":"product_tag","embeddable":true,"href":"https:\/\/silsiletalrowad.com\/tr\/wp-json\/wp\/v2\/product_tag?post=9563"}],"curies":[{"name":"wp","href":"https:\/\/api.w.org\/{rel}","templated":true}]}}