{"id":9562,"date":"2024-08-24T22:02:44","date_gmt":"2024-08-24T22:02:44","guid":{"rendered":"https:\/\/silsiletalrowad.com\/staging\/?post_type=product&#038;p=9562"},"modified":"2024-08-30T11:55:57","modified_gmt":"2024-08-30T11:55:57","slug":"yemende-yuzey-kuyusu","status":"publish","type":"product","link":"https:\/\/silsiletalrowad.com\/tr\/product\/yemende-yuzey-kuyusu\/","title":{"rendered":"Yemen&#8217;de y\u00fczey kuyusu"},"content":{"rendered":"<p>Yemen&#8217;de yerden iki metre y\u00fckseklikte bir kova kuyusu ve i\u00e7me suyuna en \u00e7ok ihtiya\u00e7 duyan b\u00f6lgelerde hayvanlar i\u00e7in bir yalak ile y\u00fczey kuyusu kaz\u0131larak 15 y\u0131l boyunca 500&#8217;den fazla ki\u015fiye su sa\u011fland\u0131.<\/p>\n","protected":false},"excerpt":{"rendered":"<table class=\"product-table-style table table-striped\" style=\"height: 280px;\" width=\"375\">\n<tbody>\n<tr>\n<td>Kod<\/td>\n<td style=\"text-align: right;\">25<\/td>\n<\/tr>\n<tr>\n<td>Fiat<\/td>\n<td style=\"text-align: right;\">5000$<\/td>\n<\/tr>\n<tr>\n<td>Uygulama zaman\u0131 (g\u00fcn)<\/td>\n<td style=\"text-align: right;\">90<\/td>\n<\/tr>\n<tr>\n<td>Sondaj y\u00f6ntemi<\/td>\n<td style=\"text-align: right;\"><span class=\"HwtZe\" lang=\"tr\"><span class=\"jCAhz ChMk0b\"><span class=\"ryNqvb\">Manuel<\/span><\/span><\/span><\/td>\n<\/tr>\n<tr>\n<td>Raf \u00f6mr\u00fc (y\u0131l)<\/td>\n<td style=\"text-align: right;\">10 -15<\/td>\n<\/tr>\n<tr>\n<td>Yararlan\u0131c\u0131 say\u0131s\u0131 (ki\u015fi)<\/td>\n<td style=\"text-align: right;\">200-500<\/td>\n<\/tr>\n<tr>\n<td>Derinlik (M)<\/td>\n<td style=\"text-align: right;\">10<\/td>\n<\/tr>\n<tr>\n<td>Not<\/td>\n<td style=\"text-align: right;\"><span class=\"HwtZe\" lang=\"tr\"><span class=\"jCAhz ChMk0b\"><span class=\"ryNqvb\">Yerden kova ile yar\u0131m yamalak<\/span><\/span><\/span><\/td>\n<\/tr>\n<\/tbody>\n<\/table>\n<p style=\"text-align: right;\">\n","protected":false},"featured_media":10457,"comment_status":"open","ping_status":"closed","template":"","meta":{"_joinchat":[]},"product_brand":[],"product_cat":[246,247],"product_tag":[294],"class_list":{"0":"post-9562","1":"product","2":"type-product","3":"status-publish","4":"has-post-thumbnail","6":"product_cat-kuyu","7":"product_cat-yuzey-kuyusu","8":"product_tag-yemen-tr","10":"first","11":"instock","12":"sale","13":"shipping-taxable","14":"purchasable","15":"product-type-simple"},"_links":{"self":[{"href":"https:\/\/silsiletalrowad.com\/tr\/wp-json\/wp\/v2\/product\/9562","targetHints":{"allow":["GET"]}}],"collection":[{"href":"https:\/\/silsiletalrowad.com\/tr\/wp-json\/wp\/v2\/product"}],"about":[{"href":"https:\/\/silsiletalrowad.com\/tr\/wp-json\/wp\/v2\/types\/product"}],"replies":[{"embeddable":true,"href":"https:\/\/silsiletalrowad.com\/tr\/wp-json\/wp\/v2\/comments?post=9562"}],"wp:featuredmedia":[{"embeddable":true,"href":"https:\/\/silsiletalrowad.com\/tr\/wp-json\/wp\/v2\/media\/10457"}],"wp:attachment":[{"href":"https:\/\/silsiletalrowad.com\/tr\/wp-json\/wp\/v2\/media?parent=9562"}],"wp:term":[{"taxonomy":"product_brand","embeddable":true,"href":"https:\/\/silsiletalrowad.com\/tr\/wp-json\/wp\/v2\/product_brand?post=9562"},{"taxonomy":"product_cat","embeddable":true,"href":"https:\/\/silsiletalrowad.com\/tr\/wp-json\/wp\/v2\/product_cat?post=9562"},{"taxonomy":"product_tag","embeddable":true,"href":"https:\/\/silsiletalrowad.com\/tr\/wp-json\/wp\/v2\/product_tag?post=9562"}],"curies":[{"name":"wp","href":"https:\/\/api.w.org\/{rel}","templated":true}]}}