{"id":9560,"date":"2024-08-24T22:02:44","date_gmt":"2024-08-24T22:02:44","guid":{"rendered":"https:\/\/silsiletalrowad.com\/staging\/?post_type=product&#038;p=9560"},"modified":"2024-08-25T11:17:24","modified_gmt":"2024-08-25T11:17:24","slug":"bangladeste-musluk-ve-seramiklerle-yuzey-kuyusu","status":"publish","type":"product","link":"https:\/\/silsiletalrowad.com\/tr\/product\/bangladeste-musluk-ve-seramiklerle-yuzey-kuyusu\/","title":{"rendered":"Banglade\u015f&#8217;te musluk ve seramiklerle y\u00fczey kuyusu"},"content":{"rendered":"<p>Banglade\u015f&#8217;te i\u00e7me suyuna en \u00e7ok ihtiya\u00e7 duyan b\u00f6lgeler i\u00e7in musluk ve seramiklerle y\u00fczey kuyusu a\u00e7arak 12 y\u0131la varan s\u00fcrelerle 70&#8217;ten fazla ki\u015fiye su sa\u011fl\u0131yor.<\/p>\n","protected":false},"excerpt":{"rendered":"<table class=\"product-table-style table table-striped\">\n<tbody>\n<tr>\n<td>Kod<\/td>\n<td style=\"text-align: right;\">15<\/td>\n<\/tr>\n<tr>\n<td>Fiat<\/td>\n<td style=\"text-align: right;\">1080$<\/td>\n<\/tr>\n<tr>\n<td>Uygulama zaman\u0131 (g\u00fcn)<\/td>\n<td style=\"text-align: right;\">50<\/td>\n<\/tr>\n<tr>\n<td>Sondaj y\u00f6ntemi<\/td>\n<td style=\"text-align: right;\">Manuel<\/td>\n<\/tr>\n<tr>\n<td>Raf \u00f6mr\u00fc (y\u0131l)<\/td>\n<td style=\"text-align: right;\">10 -12<\/td>\n<\/tr>\n<tr>\n<td>Yararlan\u0131c\u0131 say\u0131s\u0131 (ki\u015fi)<\/td>\n<td style=\"text-align: right;\">40-70<\/td>\n<\/tr>\n<tr>\n<td>Derinlik (M)<\/td>\n<td style=\"text-align: right;\">10-15<\/td>\n<\/tr>\n<tr>\n<td>Not<\/td>\n<\/tr>\n<\/tbody>\n<\/table>\n","protected":false},"featured_media":10547,"comment_status":"open","ping_status":"closed","template":"","meta":{"_joinchat":[]},"product_brand":[],"product_cat":[246,249],"product_tag":[276],"class_list":{"0":"post-9560","1":"product","2":"type-product","3":"status-publish","4":"has-post-thumbnail","6":"product_cat-kuyu","7":"product_cat-musluklu-yuzey-sondaj-deligi","8":"product_tag-banglades","10":"first","11":"instock","12":"sale","13":"shipping-taxable","14":"purchasable","15":"product-type-simple"},"_links":{"self":[{"href":"https:\/\/silsiletalrowad.com\/tr\/wp-json\/wp\/v2\/product\/9560","targetHints":{"allow":["GET"]}}],"collection":[{"href":"https:\/\/silsiletalrowad.com\/tr\/wp-json\/wp\/v2\/product"}],"about":[{"href":"https:\/\/silsiletalrowad.com\/tr\/wp-json\/wp\/v2\/types\/product"}],"replies":[{"embeddable":true,"href":"https:\/\/silsiletalrowad.com\/tr\/wp-json\/wp\/v2\/comments?post=9560"}],"wp:featuredmedia":[{"embeddable":true,"href":"https:\/\/silsiletalrowad.com\/tr\/wp-json\/wp\/v2\/media\/10547"}],"wp:attachment":[{"href":"https:\/\/silsiletalrowad.com\/tr\/wp-json\/wp\/v2\/media?parent=9560"}],"wp:term":[{"taxonomy":"product_brand","embeddable":true,"href":"https:\/\/silsiletalrowad.com\/tr\/wp-json\/wp\/v2\/product_brand?post=9560"},{"taxonomy":"product_cat","embeddable":true,"href":"https:\/\/silsiletalrowad.com\/tr\/wp-json\/wp\/v2\/product_cat?post=9560"},{"taxonomy":"product_tag","embeddable":true,"href":"https:\/\/silsiletalrowad.com\/tr\/wp-json\/wp\/v2\/product_tag?post=9560"}],"curies":[{"name":"wp","href":"https:\/\/api.w.org\/{rel}","templated":true}]}}