{"id":9556,"date":"2024-08-24T22:02:43","date_gmt":"2024-08-24T22:02:43","guid":{"rendered":"https:\/\/silsiletalrowad.com\/staging\/?post_type=product&#038;p=9556"},"modified":"2024-08-25T11:57:21","modified_gmt":"2024-08-25T11:57:21","slug":"hindistan-veya-nepalde-seramikli-artezyen-kuyusu","status":"publish","type":"product","link":"https:\/\/silsiletalrowad.com\/tr\/product\/hindistan-veya-nepalde-seramikli-artezyen-kuyusu\/","title":{"rendered":"Hindistan veya Nepal&#8217;de seramikli artezyen kuyusu"},"content":{"rendered":"<p>20 y\u0131la kadar 100&#8217;den fazla ki\u015fiye su sa\u011flad\u0131\u011f\u0131 i\u00e7in i\u00e7me suyuna en \u00e7ok ihtiya\u00e7 duyan b\u00f6lgeler i\u00e7in Hindistan veya Nepal&#8217;de seramikle artezyen kuyusu kazmak<\/p>\n","protected":false},"excerpt":{"rendered":"<table class=\"product-table-style table table-striped\">\n<tbody>\n<tr>\n<td>Kod<\/td>\n<td style=\"text-align: right;\">6<\/td>\n<\/tr>\n<tr>\n<td>Fiat<\/td>\n<td style=\"text-align: right;\">820$<\/td>\n<\/tr>\n<tr>\n<td>Uygulama zaman\u0131 (g\u00fcn)<\/td>\n<td style=\"text-align: right;\">50<\/td>\n<\/tr>\n<tr>\n<td>Sondaj y\u00f6ntemi<\/td>\n<td style=\"text-align: right;\">Manuel<\/td>\n<\/tr>\n<tr>\n<td>Raf \u00f6mr\u00fc (y\u0131l)<\/td>\n<td style=\"text-align: right;\">15-20<\/td>\n<\/tr>\n<tr>\n<td>Yararlan\u0131c\u0131 say\u0131s\u0131 (ki\u015fi)<\/td>\n<td style=\"text-align: right;\">60-100<\/td>\n<\/tr>\n<tr>\n<td>Derinlik (M)<\/td>\n<td style=\"text-align: right;\">40-50<\/td>\n<\/tr>\n<tr>\n<td>Not<\/td>\n<\/tr>\n<\/tbody>\n<\/table>\n","protected":false},"featured_media":10385,"comment_status":"open","ping_status":"closed","template":"","meta":{"_joinchat":[]},"product_brand":[],"product_cat":[253,246],"product_tag":[291,287],"class_list":{"0":"post-9556","1":"product","2":"type-product","3":"status-publish","4":"has-post-thumbnail","6":"product_cat-artezyen-kuyusu","7":"product_cat-kuyu","8":"product_tag-hindistan","9":"product_tag-nepal","11":"first","12":"instock","13":"sale","14":"shipping-taxable","15":"purchasable","16":"product-type-simple"},"_links":{"self":[{"href":"https:\/\/silsiletalrowad.com\/tr\/wp-json\/wp\/v2\/product\/9556","targetHints":{"allow":["GET"]}}],"collection":[{"href":"https:\/\/silsiletalrowad.com\/tr\/wp-json\/wp\/v2\/product"}],"about":[{"href":"https:\/\/silsiletalrowad.com\/tr\/wp-json\/wp\/v2\/types\/product"}],"replies":[{"embeddable":true,"href":"https:\/\/silsiletalrowad.com\/tr\/wp-json\/wp\/v2\/comments?post=9556"}],"wp:featuredmedia":[{"embeddable":true,"href":"https:\/\/silsiletalrowad.com\/tr\/wp-json\/wp\/v2\/media\/10385"}],"wp:attachment":[{"href":"https:\/\/silsiletalrowad.com\/tr\/wp-json\/wp\/v2\/media?parent=9556"}],"wp:term":[{"taxonomy":"product_brand","embeddable":true,"href":"https:\/\/silsiletalrowad.com\/tr\/wp-json\/wp\/v2\/product_brand?post=9556"},{"taxonomy":"product_cat","embeddable":true,"href":"https:\/\/silsiletalrowad.com\/tr\/wp-json\/wp\/v2\/product_cat?post=9556"},{"taxonomy":"product_tag","embeddable":true,"href":"https:\/\/silsiletalrowad.com\/tr\/wp-json\/wp\/v2\/product_tag?post=9556"}],"curies":[{"name":"wp","href":"https:\/\/api.w.org\/{rel}","templated":true}]}}