{"id":9484,"date":"2024-08-24T22:01:46","date_gmt":"2024-08-24T22:01:46","guid":{"rendered":"https:\/\/silsiletalrowad.com\/staging\/?post_type=product&#038;p=9484"},"modified":"2024-08-25T12:06:53","modified_gmt":"2024-08-25T12:06:53","slug":"hindistan-veya-nepalde-musluklarla-yuzeye-cikin","status":"publish","type":"product","link":"https:\/\/silsiletalrowad.com\/tr\/product\/hindistan-veya-nepalde-musluklarla-yuzeye-cikin\/","title":{"rendered":"Hindistan veya Nepal&#8217;de musluklarla y\u00fczeye \u00e7\u0131k\u0131n"},"content":{"rendered":"<p>12 y\u0131la varan bir s\u00fcre boyunca 70&#8217;den fazla ki\u015fiye su sa\u011flad\u0131\u011f\u0131 i\u00e7in, i\u00e7me suyuna en \u00e7ok ihtiya\u00e7 duyan b\u00f6lgeler i\u00e7in Hindistan veya Nepal&#8217;de musluklarla bir y\u00fczey kuyusu kazmak.<\/p>\n","protected":false},"excerpt":{"rendered":"<table class=\"product-table-style table table-striped\" style=\"height: 259px;\" width=\"396\">\n<tbody>\n<tr>\n<td>Kod<\/td>\n<td style=\"text-align: right;\">3<\/td>\n<\/tr>\n<tr>\n<td>Fiyat<\/td>\n<td style=\"text-align: right;\">860$<\/td>\n<\/tr>\n<tr>\n<td>Uygulama zaman\u0131 (g\u00fcn)<\/td>\n<td style=\"text-align: right;\">50<\/td>\n<\/tr>\n<tr>\n<td>Sondaj y\u00f6ntemi<\/td>\n<td style=\"text-align: right;\"><span class=\"HwtZe\" lang=\"tr\"><span class=\"jCAhz ChMk0b\"><span class=\"ryNqvb\">Manuel<\/span><\/span><\/span><\/td>\n<\/tr>\n<tr>\n<td>Raf \u00f6mr\u00fc (y\u0131l)<\/td>\n<td style=\"text-align: right;\">10-15<\/td>\n<\/tr>\n<tr>\n<td>Yararlan\u0131c\u0131 say\u0131s\u0131 (ki\u015fi)<\/td>\n<td style=\"text-align: right;\">40-70<\/td>\n<\/tr>\n<tr>\n<td>Derinlik (M)<\/td>\n<td style=\"text-align: right;\">10-15<\/td>\n<\/tr>\n<tr>\n<td>Yorumlar<\/td>\n<td style=\"text-align: right;\">Musluklu y\u00fczey sondaj deli\u011fi<\/td>\n<\/tr>\n<\/tbody>\n<\/table>\n","protected":false},"featured_media":10388,"comment_status":"open","ping_status":"closed","template":"","meta":{"_joinchat":[]},"product_brand":[],"product_cat":[246,249],"product_tag":[291,287],"class_list":{"0":"post-9484","1":"product","2":"type-product","3":"status-publish","4":"has-post-thumbnail","6":"product_cat-kuyu","7":"product_cat-musluklu-yuzey-sondaj-deligi","8":"product_tag-hindistan","9":"product_tag-nepal","11":"first","12":"instock","13":"sale","14":"shipping-taxable","15":"purchasable","16":"product-type-simple"},"_links":{"self":[{"href":"https:\/\/silsiletalrowad.com\/tr\/wp-json\/wp\/v2\/product\/9484","targetHints":{"allow":["GET"]}}],"collection":[{"href":"https:\/\/silsiletalrowad.com\/tr\/wp-json\/wp\/v2\/product"}],"about":[{"href":"https:\/\/silsiletalrowad.com\/tr\/wp-json\/wp\/v2\/types\/product"}],"replies":[{"embeddable":true,"href":"https:\/\/silsiletalrowad.com\/tr\/wp-json\/wp\/v2\/comments?post=9484"}],"wp:featuredmedia":[{"embeddable":true,"href":"https:\/\/silsiletalrowad.com\/tr\/wp-json\/wp\/v2\/media\/10388"}],"wp:attachment":[{"href":"https:\/\/silsiletalrowad.com\/tr\/wp-json\/wp\/v2\/media?parent=9484"}],"wp:term":[{"taxonomy":"product_brand","embeddable":true,"href":"https:\/\/silsiletalrowad.com\/tr\/wp-json\/wp\/v2\/product_brand?post=9484"},{"taxonomy":"product_cat","embeddable":true,"href":"https:\/\/silsiletalrowad.com\/tr\/wp-json\/wp\/v2\/product_cat?post=9484"},{"taxonomy":"product_tag","embeddable":true,"href":"https:\/\/silsiletalrowad.com\/tr\/wp-json\/wp\/v2\/product_tag?post=9484"}],"curies":[{"name":"wp","href":"https:\/\/api.w.org\/{rel}","templated":true}]}}