{"id":9483,"date":"2024-08-24T22:01:46","date_gmt":"2024-08-24T22:01:46","guid":{"rendered":"https:\/\/silsiletalrowad.com\/staging\/?post_type=product&#038;p=9483"},"modified":"2024-08-25T12:07:26","modified_gmt":"2024-08-25T12:07:26","slug":"hindistan-veya-nepalde-artezyen-kuyusu","status":"publish","type":"product","link":"https:\/\/silsiletalrowad.com\/tr\/product\/hindistan-veya-nepalde-artezyen-kuyusu\/","title":{"rendered":"Hindistan veya Nepal&#8217;de artezyen kuyusu"},"content":{"rendered":"<p>Hindistan veya Nepal&#8217;de i\u00e7me suyuna en \u00e7ok ihtiya\u00e7 duyan b\u00f6lgelerde in\u015fa edilmek \u00fczere artezyen kuyusu kaz\u0131larak 100&#8217;e yak\u0131n ki\u015fiye 20 y\u0131la kadar su sa\u011flamak.<\/p>\n","protected":false},"excerpt":{"rendered":"<table class=\"product-table-style table table-striped\">\n<tbody>\n<tr>\n<td>Kod<\/td>\n<td style=\"text-align: right;\">02<\/td>\n<\/tr>\n<tr>\n<td><span style=\"vertical-align: inherit;\"><span style=\"vertical-align: inherit;\">Fiyat<\/span><\/span><\/td>\n<td style=\"text-align: right;\"><span style=\"vertical-align: inherit;\"><span style=\"vertical-align: inherit;\">750$<\/span><\/span><\/td>\n<\/tr>\n<tr>\n<td><span style=\"vertical-align: inherit;\"><span style=\"vertical-align: inherit;\">Uygulama zaman\u0131 (g\u00fcn)<\/span><\/span><\/td>\n<td style=\"text-align: right;\"><span style=\"vertical-align: inherit;\"><span style=\"vertical-align: inherit;\">50<\/span><\/span><\/td>\n<\/tr>\n<tr>\n<td><span style=\"vertical-align: inherit;\"><span style=\"vertical-align: inherit;\">Sondaj y\u00f6ntemi<\/span><\/span><\/td>\n<td style=\"text-align: right;\"><span style=\"vertical-align: inherit;\"><span style=\"vertical-align: inherit;\">Manuel<\/span><\/span><\/td>\n<\/tr>\n<tr>\n<td><span style=\"vertical-align: inherit;\"><span style=\"vertical-align: inherit;\">Raf \u00f6mr\u00fc (y\u0131l)<\/span><\/span><\/td>\n<td style=\"text-align: right;\"><span style=\"vertical-align: inherit;\"><span style=\"vertical-align: inherit;\">15-20<\/span><\/span><\/td>\n<\/tr>\n<tr>\n<td><span style=\"vertical-align: inherit;\"><span style=\"vertical-align: inherit;\">Yararlan\u0131c\u0131 say\u0131s\u0131 (ki\u015fi)<\/span><\/span><\/td>\n<td style=\"text-align: right;\"><span style=\"vertical-align: inherit;\"><span style=\"vertical-align: inherit;\">60-100<\/span><\/span><\/td>\n<\/tr>\n<tr>\n<td><span style=\"vertical-align: inherit;\"><span style=\"vertical-align: inherit;\">Derinlik (M)<\/span><\/span><\/td>\n<td style=\"text-align: right;\"><span style=\"vertical-align: inherit;\"><span style=\"vertical-align: inherit;\">40-50<\/span><\/span><\/td>\n<\/tr>\n<tr>\n<td><span style=\"vertical-align: inherit;\"><span style=\"vertical-align: inherit;\">yorumlar<\/span><\/span><\/td>\n<td style=\"text-align: right;\">Daha derin ve daha net<\/td>\n<\/tr>\n<\/tbody>\n<\/table>\n","protected":false},"featured_media":10379,"comment_status":"open","ping_status":"closed","template":"","meta":{"_joinchat":[]},"product_brand":[],"product_cat":[253,246],"product_tag":[291,287],"class_list":{"0":"post-9483","1":"product","2":"type-product","3":"status-publish","4":"has-post-thumbnail","6":"product_cat-artezyen-kuyusu","7":"product_cat-kuyu","8":"product_tag-hindistan","9":"product_tag-nepal","11":"first","12":"instock","13":"sale","14":"shipping-taxable","15":"purchasable","16":"product-type-simple"},"_links":{"self":[{"href":"https:\/\/silsiletalrowad.com\/tr\/wp-json\/wp\/v2\/product\/9483","targetHints":{"allow":["GET"]}}],"collection":[{"href":"https:\/\/silsiletalrowad.com\/tr\/wp-json\/wp\/v2\/product"}],"about":[{"href":"https:\/\/silsiletalrowad.com\/tr\/wp-json\/wp\/v2\/types\/product"}],"replies":[{"embeddable":true,"href":"https:\/\/silsiletalrowad.com\/tr\/wp-json\/wp\/v2\/comments?post=9483"}],"wp:featuredmedia":[{"embeddable":true,"href":"https:\/\/silsiletalrowad.com\/tr\/wp-json\/wp\/v2\/media\/10379"}],"wp:attachment":[{"href":"https:\/\/silsiletalrowad.com\/tr\/wp-json\/wp\/v2\/media?parent=9483"}],"wp:term":[{"taxonomy":"product_brand","embeddable":true,"href":"https:\/\/silsiletalrowad.com\/tr\/wp-json\/wp\/v2\/product_brand?post=9483"},{"taxonomy":"product_cat","embeddable":true,"href":"https:\/\/silsiletalrowad.com\/tr\/wp-json\/wp\/v2\/product_cat?post=9483"},{"taxonomy":"product_tag","embeddable":true,"href":"https:\/\/silsiletalrowad.com\/tr\/wp-json\/wp\/v2\/product_tag?post=9483"}],"curies":[{"name":"wp","href":"https:\/\/api.w.org\/{rel}","templated":true}]}}