{"id":9478,"date":"2024-08-24T22:01:46","date_gmt":"2024-08-24T22:01:46","guid":{"rendered":"https:\/\/silsiletalrowad.com\/staging\/?post_type=product&#038;p=9478"},"modified":"2025-07-02T12:15:33","modified_gmt":"2025-07-02T12:15:33","slug":"afganistanda-su-yuzune-cikti","status":"publish","type":"product","link":"https:\/\/silsiletalrowad.com\/tr\/product\/afganistanda-su-yuzune-cikti\/","title":{"rendered":"Afganistan&#8217;da su y\u00fcz\u00fcne \u00e7\u0131kt\u0131"},"content":{"rendered":"<p>Afganistan&#8217;da 10 y\u0131la kadar s\u00fcre ile Afganistan&#8217;\u0131n k\u00f6y ve kasabalar\u0131ndaki en muhta\u00e7 b\u00f6lgelerde yakla\u015f\u0131k 100 ki\u015finin i\u00e7me suyu ihtiyac\u0131n\u0131 kar\u015f\u0131layacak y\u00fczey kuyusu a\u00e7\u0131lmas\u0131.<\/p>\n","protected":false},"excerpt":{"rendered":"<table class=\"product-table-style table table-striped\">\n<tbody>\n<tr>\n<td>Kod<\/td>\n<td style=\"text-align: right;\">22<\/td>\n<\/tr>\n<tr>\n<td>Fiyat<\/td>\n<td style=\"text-align: right;\">1070$<\/td>\n<\/tr>\n<tr>\n<td>Uygulama zaman\u0131 (g\u00fcn)<\/td>\n<td style=\"text-align: right;\">30<\/td>\n<\/tr>\n<tr>\n<td>Sondaj y\u00f6ntemi<\/td>\n<td style=\"text-align: right;\">Manuel<\/td>\n<\/tr>\n<tr>\n<td>Raf \u00f6mr\u00fc (y\u0131l)<\/td>\n<td style=\"text-align: right;\">5-10<\/td>\n<\/tr>\n<tr>\n<td>Yararlan\u0131c\u0131 say\u0131s\u0131 (ki\u015fi)<\/td>\n<td style=\"text-align: right;\">75-100<\/td>\n<\/tr>\n<tr>\n<td>Derinlik (M)<\/td>\n<td style=\"text-align: right;\">10-15<\/td>\n<\/tr>\n<tr>\n<td>yorumlar<\/td>\n<td style=\"text-align: right;\">Y\u00fczey kuyusu<\/td>\n<\/tr>\n<\/tbody>\n<\/table>\n","protected":false},"featured_media":10437,"comment_status":"open","ping_status":"closed","template":"","meta":{"_joinchat":[]},"product_brand":[],"product_cat":[246,247],"product_tag":[],"class_list":{"0":"post-9478","1":"product","2":"type-product","3":"status-publish","4":"has-post-thumbnail","6":"product_cat-kuyu","7":"product_cat-yuzey-kuyusu","9":"first","10":"instock","11":"shipping-taxable","12":"purchasable","13":"product-type-simple"},"_links":{"self":[{"href":"https:\/\/silsiletalrowad.com\/tr\/wp-json\/wp\/v2\/product\/9478","targetHints":{"allow":["GET"]}}],"collection":[{"href":"https:\/\/silsiletalrowad.com\/tr\/wp-json\/wp\/v2\/product"}],"about":[{"href":"https:\/\/silsiletalrowad.com\/tr\/wp-json\/wp\/v2\/types\/product"}],"replies":[{"embeddable":true,"href":"https:\/\/silsiletalrowad.com\/tr\/wp-json\/wp\/v2\/comments?post=9478"}],"wp:featuredmedia":[{"embeddable":true,"href":"https:\/\/silsiletalrowad.com\/tr\/wp-json\/wp\/v2\/media\/10437"}],"wp:attachment":[{"href":"https:\/\/silsiletalrowad.com\/tr\/wp-json\/wp\/v2\/media?parent=9478"}],"wp:term":[{"taxonomy":"product_brand","embeddable":true,"href":"https:\/\/silsiletalrowad.com\/tr\/wp-json\/wp\/v2\/product_brand?post=9478"},{"taxonomy":"product_cat","embeddable":true,"href":"https:\/\/silsiletalrowad.com\/tr\/wp-json\/wp\/v2\/product_cat?post=9478"},{"taxonomy":"product_tag","embeddable":true,"href":"https:\/\/silsiletalrowad.com\/tr\/wp-json\/wp\/v2\/product_tag?post=9478"}],"curies":[{"name":"wp","href":"https:\/\/api.w.org\/{rel}","templated":true}]}}