{"id":9477,"date":"2022-04-09T13:10:09","date_gmt":"2022-04-09T13:10:09","guid":{"rendered":"https:\/\/silsiletalrowad.com\/staging\/?post_type=product&#038;p=9477"},"modified":"2025-07-02T12:59:36","modified_gmt":"2025-07-02T12:59:36","slug":"afganistanda-artezyen-kuyusu","status":"publish","type":"product","link":"https:\/\/silsiletalrowad.com\/tr\/product\/afganistanda-artezyen-kuyusu\/","title":{"rendered":"Afganistan&#8217;da artezyen kuyusu"},"content":{"rendered":"","protected":false},"excerpt":{"rendered":"<table class=\"product-table-style table table-striped\">\n<tbody>\n<tr>\n<td>Kod<\/td>\n<td style=\"text-align: right;\">23<\/td>\n<\/tr>\n<tr>\n<td>Fiyat<\/td>\n<td style=\"text-align: right;\">1500$<\/td>\n<\/tr>\n<tr>\n<td>Uygulama zaman\u0131 (g\u00fcn)<\/td>\n<td style=\"text-align: right;\">45<\/td>\n<\/tr>\n<tr>\n<td>Sondaj y\u00f6ntemi<\/td>\n<td style=\"text-align: right;\">Manuel<\/td>\n<\/tr>\n<tr>\n<td>Raf \u00f6mr\u00fc (y\u0131l)<\/td>\n<td style=\"text-align: right;\">10-15<\/td>\n<\/tr>\n<tr>\n<td>Yararlan\u0131c\u0131 say\u0131s\u0131 (ki\u015fi)<\/td>\n<td style=\"text-align: right;\">100-150<\/td>\n<\/tr>\n<tr>\n<td>Derinlik (M)<\/td>\n<td style=\"text-align: right;\">25<\/td>\n<\/tr>\n<tr>\n<td>yorumlar<\/td>\n<td style=\"text-align: right;\">&#8212;<\/td>\n<\/tr>\n<\/tbody>\n<\/table>\n","protected":false},"featured_media":0,"comment_status":"open","ping_status":"closed","template":"","meta":{"_joinchat":[]},"product_brand":[],"product_cat":[253,246],"product_tag":[],"class_list":{"0":"post-9477","1":"product","2":"type-product","3":"status-publish","5":"product_cat-artezyen-kuyusu","6":"product_cat-kuyu","8":"first","9":"instock","10":"shipping-taxable","11":"purchasable","12":"product-type-simple"},"_links":{"self":[{"href":"https:\/\/silsiletalrowad.com\/tr\/wp-json\/wp\/v2\/product\/9477","targetHints":{"allow":["GET"]}}],"collection":[{"href":"https:\/\/silsiletalrowad.com\/tr\/wp-json\/wp\/v2\/product"}],"about":[{"href":"https:\/\/silsiletalrowad.com\/tr\/wp-json\/wp\/v2\/types\/product"}],"replies":[{"embeddable":true,"href":"https:\/\/silsiletalrowad.com\/tr\/wp-json\/wp\/v2\/comments?post=9477"}],"wp:attachment":[{"href":"https:\/\/silsiletalrowad.com\/tr\/wp-json\/wp\/v2\/media?parent=9477"}],"wp:term":[{"taxonomy":"product_brand","embeddable":true,"href":"https:\/\/silsiletalrowad.com\/tr\/wp-json\/wp\/v2\/product_brand?post=9477"},{"taxonomy":"product_cat","embeddable":true,"href":"https:\/\/silsiletalrowad.com\/tr\/wp-json\/wp\/v2\/product_cat?post=9477"},{"taxonomy":"product_tag","embeddable":true,"href":"https:\/\/silsiletalrowad.com\/tr\/wp-json\/wp\/v2\/product_tag?post=9477"}],"curies":[{"name":"wp","href":"https:\/\/api.w.org\/{rel}","templated":true}]}}