{"id":9466,"date":"2022-04-09T14:58:35","date_gmt":"2022-04-09T14:58:35","guid":{"rendered":"https:\/\/silsiletalrowad.com\/staging\/?post_type=product&#038;p=9466"},"modified":"2024-08-29T16:51:15","modified_gmt":"2024-08-29T16:51:15","slug":"madagaskarda-yuzey-kuyusu","status":"publish","type":"product","link":"https:\/\/silsiletalrowad.com\/tr\/product\/madagaskarda-yuzey-kuyusu\/","title":{"rendered":"Madagaskar&#8217;da y\u00fczey kuyusu"},"content":{"rendered":"<p>Madagaskar&#8217;da i\u00e7me suyuna en \u00e7ok ihtiya\u00e7 duyan b\u00f6lgelerde y\u00fczey kuyusu a\u00e7arak 11 y\u0131la varan s\u00fcrelerle 100&#8217;e yak\u0131n ki\u015fiye i\u00e7me suyu sa\u011flamak.<\/p>\n","protected":false},"excerpt":{"rendered":"<table class=\"product-table-style table table-striped\">\n<tbody>\n<tr>\n<td>Kod<\/td>\n<td style=\"text-align: right;\">27<\/td>\n<\/tr>\n<tr>\n<td>Fiat<\/td>\n<td style=\"text-align: right;\">1450$<\/td>\n<\/tr>\n<tr>\n<td>Uygulama zaman\u0131 (g\u00fcn)<\/td>\n<td style=\"text-align: right;\">60<\/td>\n<\/tr>\n<tr>\n<td>Sondaj y\u00f6ntemi<\/td>\n<td style=\"text-align: right;\">Manuel<\/td>\n<\/tr>\n<tr>\n<td>Raf \u00f6mr\u00fc (y\u0131l)<\/td>\n<td style=\"text-align: right;\">5 -15<\/td>\n<\/tr>\n<tr>\n<td>Yararlan\u0131c\u0131 say\u0131s\u0131 (ki\u015fi)<\/td>\n<td style=\"text-align: right;\">70-100<\/td>\n<\/tr>\n<tr>\n<td>Derinlik (M)<\/td>\n<td style=\"text-align: right;\">10-20<\/td>\n<\/tr>\n<tr>\n<td>Not<\/td>\n<td style=\"text-align: right;\"><\/td>\n<\/tr>\n<\/tbody>\n<\/table>\n<p style=\"text-align: right;\">\n","protected":false},"featured_media":10463,"comment_status":"open","ping_status":"closed","template":"","meta":{"_joinchat":[]},"product_brand":[],"product_cat":[246,247,63,62],"product_tag":[364,81],"class_list":{"0":"post-9466","1":"product","2":"type-product","3":"status-publish","4":"has-post-thumbnail","6":"product_cat-kuyu","7":"product_cat-yuzey-kuyusu","8":"product_cat-63","9":"product_cat-62","10":"product_tag-madagaskar","11":"product_tag-81","13":"first","14":"instock","15":"sale","16":"shipping-taxable","17":"purchasable","18":"product-type-simple"},"_links":{"self":[{"href":"https:\/\/silsiletalrowad.com\/tr\/wp-json\/wp\/v2\/product\/9466","targetHints":{"allow":["GET"]}}],"collection":[{"href":"https:\/\/silsiletalrowad.com\/tr\/wp-json\/wp\/v2\/product"}],"about":[{"href":"https:\/\/silsiletalrowad.com\/tr\/wp-json\/wp\/v2\/types\/product"}],"replies":[{"embeddable":true,"href":"https:\/\/silsiletalrowad.com\/tr\/wp-json\/wp\/v2\/comments?post=9466"}],"wp:featuredmedia":[{"embeddable":true,"href":"https:\/\/silsiletalrowad.com\/tr\/wp-json\/wp\/v2\/media\/10463"}],"wp:attachment":[{"href":"https:\/\/silsiletalrowad.com\/tr\/wp-json\/wp\/v2\/media?parent=9466"}],"wp:term":[{"taxonomy":"product_brand","embeddable":true,"href":"https:\/\/silsiletalrowad.com\/tr\/wp-json\/wp\/v2\/product_brand?post=9466"},{"taxonomy":"product_cat","embeddable":true,"href":"https:\/\/silsiletalrowad.com\/tr\/wp-json\/wp\/v2\/product_cat?post=9466"},{"taxonomy":"product_tag","embeddable":true,"href":"https:\/\/silsiletalrowad.com\/tr\/wp-json\/wp\/v2\/product_tag?post=9466"}],"curies":[{"name":"wp","href":"https:\/\/api.w.org\/{rel}","templated":true}]}}