{"id":9461,"date":"2024-08-24T22:01:44","date_gmt":"2024-08-24T22:01:44","guid":{"rendered":"https:\/\/silsiletalrowad.com\/staging\/?post_type=product&#038;p=9461"},"modified":"2024-08-30T11:54:32","modified_gmt":"2024-08-30T11:54:32","slug":"siniflar-banglades","status":"publish","type":"product","link":"https:\/\/silsiletalrowad.com\/tr\/product\/siniflar-banglades\/","title":{"rendered":"S\u0131n\u0131flar (Banglade\u015f)"},"content":{"rendered":"<p>Banglade\u015f&#8217;te 60&#8217;tan fazla \u00f6\u011frenciyi bar\u0131nd\u0131racak s\u0131n\u0131flar in\u015fa etmek ve s\u0131n\u0131f in\u015fa etmeye en \u00e7ok ihtiya\u00e7 duyan yerlerde e\u011fitim s\u00fcrecini tamamlamalar\u0131 i\u00e7in onlara temel gereksinimleri sa\u011flamak.<\/p>\n","protected":false},"excerpt":{"rendered":"<table class=\"product-table-style table table-striped\">\n<tbody>\n<tr>\n<td>Kod<\/td>\n<td style=\"text-align: right;\">03<\/td>\n<\/tr>\n<tr>\n<td>Fiyat<\/td>\n<td style=\"text-align: right;\">8900$<\/td>\n<\/tr>\n<tr>\n<td>\u00d6\u011frenci say\u0131s\u0131<\/td>\n<td style=\"text-align: right;\">60<\/td>\n<\/tr>\n<tr>\n<td>Alan<\/td>\n<td style=\"text-align: right;\">3.5*3.5 M<\/td>\n<\/tr>\n<tr>\n<td>in\u015faat tipi<\/td>\n<td style=\"text-align: right;\">Peton<\/td>\n<\/tr>\n<tr>\n<td>Notlar<\/td>\n<td style=\"text-align: right;\">Masa ve sandalye temini<\/td>\n<\/tr>\n<\/tbody>\n<\/table>\n<p style=\"text-align: right;\">\n","protected":false},"featured_media":8576,"comment_status":"open","ping_status":"open","template":"","meta":{"_joinchat":[]},"product_brand":[],"product_cat":[243],"product_tag":[276],"class_list":{"0":"post-9461","1":"product","2":"type-product","3":"status-publish","4":"has-post-thumbnail","6":"product_cat-siniflar-okullar","7":"product_tag-banglades","9":"first","10":"instock","11":"shipping-taxable","12":"purchasable","13":"product-type-simple"},"_links":{"self":[{"href":"https:\/\/silsiletalrowad.com\/tr\/wp-json\/wp\/v2\/product\/9461","targetHints":{"allow":["GET"]}}],"collection":[{"href":"https:\/\/silsiletalrowad.com\/tr\/wp-json\/wp\/v2\/product"}],"about":[{"href":"https:\/\/silsiletalrowad.com\/tr\/wp-json\/wp\/v2\/types\/product"}],"replies":[{"embeddable":true,"href":"https:\/\/silsiletalrowad.com\/tr\/wp-json\/wp\/v2\/comments?post=9461"}],"wp:featuredmedia":[{"embeddable":true,"href":"https:\/\/silsiletalrowad.com\/tr\/wp-json\/wp\/v2\/media\/8576"}],"wp:attachment":[{"href":"https:\/\/silsiletalrowad.com\/tr\/wp-json\/wp\/v2\/media?parent=9461"}],"wp:term":[{"taxonomy":"product_brand","embeddable":true,"href":"https:\/\/silsiletalrowad.com\/tr\/wp-json\/wp\/v2\/product_brand?post=9461"},{"taxonomy":"product_cat","embeddable":true,"href":"https:\/\/silsiletalrowad.com\/tr\/wp-json\/wp\/v2\/product_cat?post=9461"},{"taxonomy":"product_tag","embeddable":true,"href":"https:\/\/silsiletalrowad.com\/tr\/wp-json\/wp\/v2\/product_tag?post=9461"}],"curies":[{"name":"wp","href":"https:\/\/api.w.org\/{rel}","templated":true}]}}