{"id":9460,"date":"2022-04-11T14:53:10","date_gmt":"2022-04-11T14:53:10","guid":{"rendered":"https:\/\/silsiletalrowad.com\/staging\/?post_type=product&#038;p=9460"},"modified":"2024-08-30T06:10:07","modified_gmt":"2024-08-30T06:10:07","slug":"siniflari-benin","status":"publish","type":"product","link":"https:\/\/silsiletalrowad.com\/tr\/product\/siniflari-benin\/","title":{"rendered":"S\u0131n\u0131flar\u0131 Benin"},"content":{"rendered":"<p>Benin b\u00f6lgesinde Silsilt Al Rowad taraf\u0131ndan uygulanan, s\u0131n\u0131f\u0131n \u00f6\u011frencileri temel malzemelerle alacak \u015fekilde donat\u0131ld\u0131\u011f\u0131 s\u0131n\u0131flar in\u015fa etmek<\/p>\n","protected":false},"excerpt":{"rendered":"<table class=\"product-table-style table table-striped\">\n<tbody>\n<tr>\n<td>Kod<\/td>\n<td style=\"text-align: right;\">04<\/td>\n<\/tr>\n<tr>\n<td>Fiyat<\/td>\n<td style=\"text-align: right;\">10600$<\/td>\n<\/tr>\n<tr>\n<td>\u00d6\u011frenci say\u0131s\u0131<\/td>\n<td style=\"text-align: right;\">45-60<\/td>\n<\/tr>\n<tr>\n<td>Alan<\/td>\n<td style=\"text-align: right;\">6.5*7 M<\/td>\n<\/tr>\n<tr>\n<td>in\u015faat tipi<\/td>\n<td style=\"text-align: right;\">beton<\/td>\n<\/tr>\n<tr>\n<td>Notlar<\/td>\n<td style=\"text-align: right;\">Masa ve sandalye temini<\/td>\n<\/tr>\n<\/tbody>\n<\/table>\n<p style=\"text-align: right;\">\n","protected":false},"featured_media":8951,"comment_status":"open","ping_status":"open","template":"","meta":{"_joinchat":[]},"product_brand":[],"product_cat":[243],"product_tag":[297],"class_list":{"0":"post-9460","1":"product","2":"type-product","3":"status-publish","4":"has-post-thumbnail","6":"product_cat-siniflar-okullar","7":"product_tag-benin","9":"first","10":"instock","11":"shipping-taxable","12":"purchasable","13":"product-type-simple"},"_links":{"self":[{"href":"https:\/\/silsiletalrowad.com\/tr\/wp-json\/wp\/v2\/product\/9460","targetHints":{"allow":["GET"]}}],"collection":[{"href":"https:\/\/silsiletalrowad.com\/tr\/wp-json\/wp\/v2\/product"}],"about":[{"href":"https:\/\/silsiletalrowad.com\/tr\/wp-json\/wp\/v2\/types\/product"}],"replies":[{"embeddable":true,"href":"https:\/\/silsiletalrowad.com\/tr\/wp-json\/wp\/v2\/comments?post=9460"}],"wp:featuredmedia":[{"embeddable":true,"href":"https:\/\/silsiletalrowad.com\/tr\/wp-json\/wp\/v2\/media\/8951"}],"wp:attachment":[{"href":"https:\/\/silsiletalrowad.com\/tr\/wp-json\/wp\/v2\/media?parent=9460"}],"wp:term":[{"taxonomy":"product_brand","embeddable":true,"href":"https:\/\/silsiletalrowad.com\/tr\/wp-json\/wp\/v2\/product_brand?post=9460"},{"taxonomy":"product_cat","embeddable":true,"href":"https:\/\/silsiletalrowad.com\/tr\/wp-json\/wp\/v2\/product_cat?post=9460"},{"taxonomy":"product_tag","embeddable":true,"href":"https:\/\/silsiletalrowad.com\/tr\/wp-json\/wp\/v2\/product_tag?post=9460"}],"curies":[{"name":"wp","href":"https:\/\/api.w.org\/{rel}","templated":true}]}}