{"id":9459,"date":"2022-04-11T14:54:28","date_gmt":"2022-04-11T14:54:28","guid":{"rendered":"https:\/\/silsiletalrowad.com\/staging\/?post_type=product&#038;p=9459"},"modified":"2024-08-29T15:32:43","modified_gmt":"2024-08-29T15:32:43","slug":"cinko-bina-derslikleri-penin","status":"publish","type":"product","link":"https:\/\/silsiletalrowad.com\/tr\/product\/cinko-bina-derslikleri-penin\/","title":{"rendered":"\u00c7inko Bina Derslikleri (Penin)"},"content":{"rendered":"","protected":false},"excerpt":{"rendered":"<table class=\"product-table-style table table-striped\">\n<tbody>\n<tr>\n<td>Kod<\/td>\n<td style=\"text-align: right;\">05<\/td>\n<\/tr>\n<tr>\n<td>Fiyat<\/td>\n<td style=\"text-align: right;\">8400$<\/td>\n<\/tr>\n<tr>\n<td>\u00d6\u011frenci say\u0131s\u0131<\/td>\n<td style=\"text-align: right;\">45-60<\/td>\n<\/tr>\n<tr>\n<td>Alan (M)<\/td>\n<td style=\"text-align: right;\">6.5*7<\/td>\n<\/tr>\n<tr>\n<td>\u0130n\u015faat tipi<\/td>\n<td style=\"text-align: right;\">\u00c7inko<\/td>\n<\/tr>\n<tr>\n<td>Notlar<\/td>\n<td style=\"text-align: right;\">Masa ve sandalye temini<\/td>\n<\/tr>\n<\/tbody>\n<\/table>\n<p style=\"text-align: right;\">\n","protected":false},"featured_media":8948,"comment_status":"open","ping_status":"closed","template":"","meta":{"_joinchat":[]},"product_brand":[],"product_cat":[243],"product_tag":[297],"class_list":{"0":"post-9459","1":"product","2":"type-product","3":"status-publish","4":"has-post-thumbnail","6":"product_cat-siniflar-okullar","7":"product_tag-benin","9":"first","10":"instock","11":"shipping-taxable","12":"purchasable","13":"product-type-simple"},"_links":{"self":[{"href":"https:\/\/silsiletalrowad.com\/tr\/wp-json\/wp\/v2\/product\/9459","targetHints":{"allow":["GET"]}}],"collection":[{"href":"https:\/\/silsiletalrowad.com\/tr\/wp-json\/wp\/v2\/product"}],"about":[{"href":"https:\/\/silsiletalrowad.com\/tr\/wp-json\/wp\/v2\/types\/product"}],"replies":[{"embeddable":true,"href":"https:\/\/silsiletalrowad.com\/tr\/wp-json\/wp\/v2\/comments?post=9459"}],"wp:featuredmedia":[{"embeddable":true,"href":"https:\/\/silsiletalrowad.com\/tr\/wp-json\/wp\/v2\/media\/8948"}],"wp:attachment":[{"href":"https:\/\/silsiletalrowad.com\/tr\/wp-json\/wp\/v2\/media?parent=9459"}],"wp:term":[{"taxonomy":"product_brand","embeddable":true,"href":"https:\/\/silsiletalrowad.com\/tr\/wp-json\/wp\/v2\/product_brand?post=9459"},{"taxonomy":"product_cat","embeddable":true,"href":"https:\/\/silsiletalrowad.com\/tr\/wp-json\/wp\/v2\/product_cat?post=9459"},{"taxonomy":"product_tag","embeddable":true,"href":"https:\/\/silsiletalrowad.com\/tr\/wp-json\/wp\/v2\/product_tag?post=9459"}],"curies":[{"name":"wp","href":"https:\/\/api.w.org\/{rel}","templated":true}]}}