{"id":9258,"date":"2024-08-18T21:44:55","date_gmt":"2024-08-18T21:44:55","guid":{"rendered":"https:\/\/silsiletalrowad.com\/staging\/?page_id=9258"},"modified":"2024-08-24T14:22:16","modified_gmt":"2024-08-24T14:22:16","slug":"gizlilik-politikasi","status":"publish","type":"page","link":"https:\/\/silsiletalrowad.com\/tr\/gizlilik-politikasi\/","title":{"rendered":"Gizlilik Politikas\u0131"},"content":{"rendered":"\n<p><strong><a href=\"https:\/\/silsiletalrowad.com\/\" target=\"_blank\" rel=\"noreferrer noopener\">Silsilet Al Rowad International&#8217;\u0131n Gizlilik Politikas\u0131<\/a><\/strong><\/p>\n\n\n\n<p>Daha fazla bilgiye ihtiya\u00e7 duyarsan\u0131z veya gizlilik politikam\u0131z hakk\u0131nda sorular\u0131n\u0131z varsa l\u00fctfen <strong><a href=\"https:\/\/silsiletalrowad adresinden bizimle ileti\u015fime ge\u00e7mekten \u00e7ekinmeyin. .com\/contact-us\/\" target=\"_blank\" rel=\"noreferrer noopener\">Buraya T\u0131klayarak<\/a><\/strong><\/p>\n\n\n\n<p><strong><a href=\"https:\/\/silsiletalrowad.com\/\">Silsilet Al Rowad International<\/a><\/strong>, ziyaret\u00e7ilerimizin gizlili\u011fi bizim i\u00e7in son derece \u00f6nemlidir. Bu gizlilik politikas\u0131 belgesi, <strong><a href=\"https:\/\/silsiletalrowad.com\/\" target=\"_blank\" rel=\"noreferrer noopener\">Silsilet Al Rowad International<\/a><\/strong> taraf\u0131ndan al\u0131nan ve toplanan ki\u015fisel bilgi t\u00fcrlerini \u00f6zetlemektedir. ve nas\u0131l kullan\u0131ld\u0131\u011f\u0131.<\/p>\n\n\n\n<h3 class=\"wp-block-heading\">G\u00fcnl\u00fck Dosyalar\u0131<\/h3>\n\n\n\n<p>Di\u011fer bir\u00e7ok Web sitesi gibi, <strong><a href=\"https:\/\/silsiletalrowad.com\/\" target=\"_blank\" rel=\"noreferrer noopener\">Silsilet Al Rowad International&lt; \/a&gt;<\/a><\/strong> g\u00fcnl\u00fck dosyalar\u0131n\u0131 kullan\u0131r. G\u00fcnl\u00fck dosyalar\u0131n\u0131n i\u00e7indeki bilgiler aras\u0131nda internet protokol\u00fc (IP) adresleri, taray\u0131c\u0131 t\u00fcr\u00fc, \u0130nternet Servis Sa\u011flay\u0131c\u0131s\u0131 (ISP), tarih\/saat damgas\u0131, y\u00f6nlendiren\/\u00e7\u0131k\u0131\u015f sayfalar\u0131 ve e\u011filimleri analiz etmek, siteyi y\u00f6netmek, kullan\u0131c\u0131 hareketini izlemek i\u00e7in yap\u0131lan t\u0131klama say\u0131s\u0131 yer al\u0131r. site \u00e7evresinde dola\u015f\u0131n ve demografik bilgileri toplay\u0131n. IP adresleri ve benzeri di\u011fer bilgiler, ki\u015fisel olarak tan\u0131mlanabilecek herhangi bir bilgiyle ba\u011flant\u0131l\u0131 de\u011fildir.<\/p>\n\n\n\n<h3 class=\"wp-block-heading\">\u00c7erezler ve Web \u0130\u015faretleri<\/h3>\n\n\n\n<p><strong><a href=\"https:\/\/silsiletalrowad.com\/\" target=\"_blank\" rel=\"noreferrer noopener\">Silsilet Al Rowad International<\/a>&lt; \/b&gt;, ziyaret\u00e7ilerin tercihleri hakk\u0131nda bilgi depolamak, kullan\u0131c\u0131n\u0131n hangi sayfalara eri\u015fti\u011fi veya ziyaret etti\u011fi hakk\u0131nda kullan\u0131c\u0131ya \u00f6zel bilgileri kaydetmek, Web sayfas\u0131 i\u00e7eri\u011fini ziyaret\u00e7inin taray\u0131c\u0131 t\u00fcr\u00fcne veya ziyaret\u00e7inin taray\u0131c\u0131s\u0131 arac\u0131l\u0131\u011f\u0131yla g\u00f6nderdi\u011fi di\u011fer bilgilere g\u00f6re \u00f6zelle\u015ftirmek i\u00e7in \u00e7erezleri kullan\u0131r.<\/strong><\/p>\n\n\n\n<h3 class=\"wp-block-heading\">DoubleClick DART \u00c7erezi<\/h3>\n\n\n\n<ul class=\"wp-block-list\">\n<li>\u00dc\u00e7\u00fcnc\u00fc taraf sat\u0131c\u0131 olarak Google, <strong><a href=\"https:\/\/silsiletalrowad.com\/'da reklam yay\u0131nlamak i\u00e7in \u00e7erezleri kullan\u0131r. \" target=\"_blank\" rel=\"noreferrer noopener\">Silsilet Al Rowad International<\/a><\/strong>.<\/li>\n\n\n\n<li>Google&#8217;\u0131n DART \u00e7erezini kullanmas\u0131, kullan\u0131c\u0131lara <strong><a href=\"https:\/\/silsiletalrowad.com\/\" target=\"_blank\" rel=\"noreferrer noopener\">Silsilet Al Rowad International<\/a><\/strong> ve \u0130nternet&#8217;teki di\u011fer siteler.<\/li>\n\n\n\n<li>Kullan\u0131c\u0131lar DART \u00e7erezini a\u015fa\u011f\u0131daki URL&#8217;deki Google reklam ve i\u00e7erik a\u011f\u0131 gizlilik politikas\u0131n\u0131 ziyaret ederek kullanabilirsiniz<\/li>\n\n\n\n<li><a href=\"http:\/\/www.google.com\/privacy_ads.html\" target=\"_blank\" rel=\"noreferrer noopener\">http:\/\/www.google.com\/privacy_ads.html<\/a><\/li>\n<\/ul>\n\n\n\n<p>Baz\u0131 reklam ortaklar\u0131m\u0131z sitemizde \u00e7erezler ve web i\u015faret\u00e7ileri kullanabilir. Reklamc\u0131l\u0131k ortaklar\u0131m\u0131z aras\u0131nda<\/p>\n\n\n\n<h3 class=\"wp-block-heading\">Google Adsense<\/h3>\n\n\n\n<p>bulunmaktad\u0131r. Bu \u00fc\u00e7\u00fcnc\u00fc taraf reklam sunucular\u0131 veya reklam a\u011flar\u0131, <strong><a href=\"https:\/ \u00fczerinde g\u00f6r\u00fcnen reklamlar ve ba\u011flant\u0131lar i\u00e7in teknolojiyi kullan\u0131r. \/silsiletalrowad.com\/\" target=\"_blank\" rel=\"noreferrer noopener\">Silsilet Al Rowad International<\/a><\/strong> do\u011frudan taray\u0131c\u0131lar\u0131n\u0131za g\u00f6nderin. Bu ger\u00e7ekle\u015fti\u011finde IP adresinizi otomatik olarak al\u0131rlar. Reklamlar\u0131n\u0131n etkinli\u011fini \u00f6l\u00e7mek ve\/veya g\u00f6rd\u00fc\u011f\u00fcn\u00fcz reklam i\u00e7eri\u011fini ki\u015fiselle\u015ftirmek i\u00e7in \u00fc\u00e7\u00fcnc\u00fc taraf reklam a\u011flar\u0131 taraf\u0131ndan di\u011fer teknolojiler (\u00e7erezler, JavaScript veya Web \u0130\u015faretleri gibi) de kullan\u0131labilir.<strong><a href=\"https:\/\/silsiletalrowad.com\/\" target=\"_blank\" rel=\"noreferrer noopener\">Silsilet Al Rowad International<\/a><\/strong>&#8216;\u0131n \u00fc\u00e7\u00fcnc\u00fc taraf reklamverenler taraf\u0131ndan kullan\u0131lan bu \u00e7erezlere eri\u015fimi veya bunlar \u00fczerinde kontrol\u00fc yoktur.<\/p>\n\n\n\n<p>Bu \u00fc\u00e7\u00fcnc\u00fc taraf reklam sunucular\u0131n\u0131n uygulamalar\u0131na ili\u015fkin daha ayr\u0131nt\u0131l\u0131 bilgi ve belirli uygulamalar\u0131n nas\u0131l devre d\u0131\u015f\u0131 b\u0131rak\u0131laca\u011f\u0131na ili\u015fkin talimatlar i\u00e7in ilgili gizlilik politikalar\u0131na ba\u015fvurmal\u0131s\u0131n\u0131z. <strong><a href=\"https:\/\/silsiletalrowad.com\/\" target=\"_blank\" rel=\"noreferrer noopener\">Silsilet Al Rowad International<\/a><\/strong> gizlilik politikas\u0131 a\u015fa\u011f\u0131dakiler i\u00e7in ge\u00e7erli de\u011fildir ve faaliyetlerini kontrol edemeyiz: bu t\u00fcr di\u011fer reklamverenler veya web siteleri.<\/p>\n\n\n\n<p>\u00c7erezleri devre d\u0131\u015f\u0131 b\u0131rakmak isterseniz, bunu bireysel taray\u0131c\u0131 se\u00e7eneklerinizi kullanarak yapabilirsiniz. Belirli web taray\u0131c\u0131lar\u0131nda \u00e7erez y\u00f6netimine ili\u015fkin daha ayr\u0131nt\u0131l\u0131 bilgiyi taray\u0131c\u0131lar\u0131n ilgili web sitelerinde bulabilirsiniz<\/p>\n","protected":false},"excerpt":{"rendered":"<p>Silsilet Al Rowad International&#8217;\u0131n Gizlilik Politikas\u0131 Daha fazla bilgiye ihtiya\u00e7 duyarsan\u0131z veya gizlilik politikam\u0131z hakk\u0131nda sorular\u0131n\u0131z varsa l\u00fctfen Buraya T\u0131klayarak Silsilet Al Rowad International, ziyaret\u00e7ilerimizin gizlili\u011fi<span class=\"excerpt-hellip\"> [\u2026]<\/span><\/p>\n","protected":false},"author":62,"featured_media":8738,"parent":0,"menu_order":0,"comment_status":"closed","ping_status":"open","template":"","meta":{"_joinchat":[],"footnotes":""},"class_list":["post-9258","page","type-page","status-publish","has-post-thumbnail","hentry"],"_links":{"self":[{"href":"https:\/\/silsiletalrowad.com\/tr\/wp-json\/wp\/v2\/pages\/9258","targetHints":{"allow":["GET"]}}],"collection":[{"href":"https:\/\/silsiletalrowad.com\/tr\/wp-json\/wp\/v2\/pages"}],"about":[{"href":"https:\/\/silsiletalrowad.com\/tr\/wp-json\/wp\/v2\/types\/page"}],"author":[{"embeddable":true,"href":"https:\/\/silsiletalrowad.com\/tr\/wp-json\/wp\/v2\/users\/62"}],"replies":[{"embeddable":true,"href":"https:\/\/silsiletalrowad.com\/tr\/wp-json\/wp\/v2\/comments?post=9258"}],"version-history":[{"count":0,"href":"https:\/\/silsiletalrowad.com\/tr\/wp-json\/wp\/v2\/pages\/9258\/revisions"}],"wp:featuredmedia":[{"embeddable":true,"href":"https:\/\/silsiletalrowad.com\/tr\/wp-json\/wp\/v2\/media\/8738"}],"wp:attachment":[{"href":"https:\/\/silsiletalrowad.com\/tr\/wp-json\/wp\/v2\/media?parent=9258"}],"curies":[{"name":"wp","href":"https:\/\/api.w.org\/{rel}","templated":true}]}}