{"id":10311,"date":"2025-01-21T18:46:05","date_gmt":"2025-01-21T18:46:05","guid":{"rendered":"https:\/\/silsiletalrowad.com\/iade-ve-geri-odeme-politikasi\/"},"modified":"2025-01-21T19:25:22","modified_gmt":"2025-01-21T19:25:22","slug":"iade-ve-geri-odeme-politikasi","status":"publish","type":"page","link":"https:\/\/silsiletalrowad.com\/tr\/iade-ve-geri-odeme-politikasi\/","title":{"rendered":"\u0130ade ve Geri \u00d6deme Politikas\u0131"},"content":{"rendered":"\n<h1 class=\"wp-block-heading has-text-align-center topmargin has-cyan-bluish-gray-background-color has-background\">\u0130ade ve Geri \u00d6deme Politikas\u0131<\/h1>\n\n<p><\/p>\n\n<p class=\"has-text-align-right topmargin ctext\">Al Rowad Company olarak, kuyu a\u00e7man\u0131n do\u011fruluk ve beceri gerektiren \u00f6nemli bir proje oldu\u011funun fark\u0131nday\u0131z. Herhangi bir zorlukla kar\u015f\u0131la\u015fman\u0131z veya herhangi bir yard\u0131ma ihtiya\u00e7 duyman\u0131z durumunda, ekibimiz size uygun \u00e7\u00f6z\u00fcmler sunmaya tamamen haz\u0131rd\u0131r ve \u00e7al\u0131\u015fmalar\u0131m\u0131z\u0131n g\u00fcvenilirli\u011fi i\u00e7in m\u00fc\u015fteri, aram\u0131zda tam taahh\u00fct sa\u011flamak i\u00e7in belirledi\u011fimiz a\u015fa\u011f\u0131daki gerekliliklere g\u00f6re geri \u00f6deme talebinde bulunabilir ve zaman\u0131nda \u00e7al\u0131\u015fma ve uygulama:   <\/p>\n\n<ul class=\"wp-block-list ctext has-small-font-size\">\n<li>Kullan\u0131c\u0131, bir sat\u0131n alma i\u015flemi yapmadan \u00f6nce bu \u015fartlar\u0131 okuyup anlamaktan sorumludur. Sat\u0131n almadan \u00f6nce akl\u0131n\u0131za tak\u0131lan t\u00fcm sorular\u0131 yan\u0131tlamak i\u00e7in bir ileti\u015fim formu ve do\u011frudan bir WhatsApp ileti\u015fim arac\u0131 sa\u011fl\u0131yoruz. <\/li>\n\n\n\n<li>M\u00fc\u015fteri, rezervasyon tarihinden itibaren iki g\u00fcn i\u00e7inde herhangi bir iptal \u00fccreti veya masraf olmaks\u0131z\u0131n sipari\u015fini iptal edebilir.<\/li>\n\n\n\n<li>\u0130ade nedenleri: M\u00fc\u015fteri, s\u00f6zle\u015fmenin uygulanmas\u0131n\u0131 engelleyen m\u00fccbir sebeplerin varl\u0131\u011f\u0131 halinde \u00f6dedi\u011fi tutar\u0131n tamam\u0131n\u0131n iadesini talep edebilir ve her hal\u00fckarda iptal sebebini belirtmek zorunda de\u011fildir.  <\/li>\n\n\n\n<li>\u0130ade Prosed\u00fcrleri: \u0130ade talebinde bulunmak i\u00e7in m\u00fc\u015fterinin ileti\u015fim formu arac\u0131l\u0131\u011f\u0131yla bizimle ileti\u015fime ge\u00e7mesi ve belirtilen s\u00fcre i\u00e7inde projenin uygulanmas\u0131n\u0131n iptal edilmesi talebini iletmesi gerekir. Talep \u00fc\u00e7 i\u015f g\u00fcn\u00fc i\u00e7inde de\u011ferlendirilecek ve geri \u00f6deme prosed\u00fcrlerini i\u00e7eren yan\u0131t\u0131m\u0131z\u0131 sitede kay\u0131tl\u0131 e-posta adresiniz arac\u0131l\u0131\u011f\u0131yla alacaks\u0131n\u0131z.    <\/li>\n\n\n\n<li>\u00d6zel istekler: Hi\u00e7bir durumda, \u00f6zel \u015fartnamelere sahip bir projenin uygulanmas\u0131 i\u00e7in yap\u0131lan bir talep, \u00f6deme yap\u0131ld\u0131ktan sonra iptal edilemez. <\/li>\n\n\n\n<li>Herhangi bir geri \u00f6deme \u00fccreti \u00f6demeyiz. \u00dccret olmas\u0131 durumunda transfer \u00fccretlerini veya banka \u00fccretlerini \u00fcstlenen kullan\u0131c\u0131d\u0131r. <\/li>\n\n\n\n<li>Politikan\u0131n De\u011fi\u015ftirilmesi: Bu Politikay\u0131 herhangi bir zamanda de\u011fi\u015ftirme hakk\u0131m\u0131z\u0131 sakl\u0131 tutar\u0131z. <\/li>\n<\/ul>\n\n<div class=\"wp-block-group\"><div class=\"wp-block-group__inner-container is-layout-constrained wp-block-group-is-layout-constrained\">\n<h2 class=\"wp-block-heading has-text-align-right has-background\" style=\"background-color:#dce1e530\">Bir sorunuz veya endi\u015feniz mi var?<\/h2>\n\n\n\n<p class=\"botmargin has-background\" style=\"background-color:#dce1e530\">Sipari\u015fin iadesi veya iptali ile ilgili herhangi bir sorunuz i\u00e7in {<span \n                data-original-string='40ZPMDzqB7FvJtbguFmsWQ==c0aVupQxpxBvRezPdc4Jzx\/zLJzBMsaXtHXkM0+WlTs4l8='\n                class='apbct-email-encoder'\n                title='This contact has been encoded by Anti-Spam by CleanTalk. Click to decode. To finish the decoding make sure that JavaScript is enabled in your browser.'>in<span class=\"apbct-blur\">**<\/span>@<span class=\"apbct-blur\">*************<\/span>ad.com<\/span>} arac\u0131l\u0131\u011f\u0131yla bize ula\u015f\u0131n<\/p>\n<\/div><\/div>\n\n<p><\/p>\n\n<div class=\"wp-block-group\"><div class=\"wp-block-group__inner-container is-layout-constrained wp-block-group-is-layout-constrained\"><\/div><\/div>\n\n<p><\/p>\n","protected":false},"excerpt":{"rendered":"<p>\u0130ade ve Geri \u00d6deme Politikas\u0131 Al Rowad Company olarak, kuyu a\u00e7man\u0131n do\u011fruluk ve beceri gerektiren \u00f6nemli bir proje oldu\u011funun fark\u0131nday\u0131z. Herhangi bir zorlukla kar\u015f\u0131la\u015fman\u0131z veya herhangi<span class=\"excerpt-hellip\"> [\u2026]<\/span><\/p>\n","protected":false},"author":62,"featured_media":0,"parent":0,"menu_order":0,"comment_status":"closed","ping_status":"open","template":"","meta":{"_joinchat":[],"footnotes":""},"class_list":["post-10311","page","type-page","status-publish","hentry"],"_links":{"self":[{"href":"https:\/\/silsiletalrowad.com\/tr\/wp-json\/wp\/v2\/pages\/10311","targetHints":{"allow":["GET"]}}],"collection":[{"href":"https:\/\/silsiletalrowad.com\/tr\/wp-json\/wp\/v2\/pages"}],"about":[{"href":"https:\/\/silsiletalrowad.com\/tr\/wp-json\/wp\/v2\/types\/page"}],"author":[{"embeddable":true,"href":"https:\/\/silsiletalrowad.com\/tr\/wp-json\/wp\/v2\/users\/62"}],"replies":[{"embeddable":true,"href":"https:\/\/silsiletalrowad.com\/tr\/wp-json\/wp\/v2\/comments?post=10311"}],"version-history":[{"count":0,"href":"https:\/\/silsiletalrowad.com\/tr\/wp-json\/wp\/v2\/pages\/10311\/revisions"}],"wp:attachment":[{"href":"https:\/\/silsiletalrowad.com\/tr\/wp-json\/wp\/v2\/media?parent=10311"}],"curies":[{"name":"wp","href":"https:\/\/api.w.org\/{rel}","templated":true}]}}